{"id":4879,"date":"2025-12-23T16:20:08","date_gmt":"2025-12-23T16:20:08","guid":{"rendered":"https:\/\/www.telefoneticahealthrx.com\/?post_type=product&#038;p=4879"},"modified":"2026-03-23T21:59:50","modified_gmt":"2026-03-23T21:59:50","slug":"teleultimate","status":"publish","type":"product","link":"https:\/\/www.telefoneticahealthrx.com\/es\/producto\/teleultimate\/","title":{"rendered":"TELEULTIMATE"},"content":{"rendered":"<div style=\"font-family: 'Poppins', sans-serif; line-height: 1.6; color: #333; max-width: 95%; margin: auto; border: 1px solid #ddd; padding: 25px; border-radius: 8px; background-color: #ffffff;\">\n<h3 style=\"font-family: 'Poppins', sans-serif; color: #004a99; border-bottom: 2px solid #004a99; padding-bottom: 10px; font-weight: bold;\">The Telefonetica Ultimate plan includes:<\/h3>\n<div style=\"margin-bottom: 25px;\">\n<h4 style=\"font-family: 'Poppins', sans-serif; color: #2c3e50; background: #f4f4f4; padding: 12px; border-radius: 4px; font-weight: 600;\">Plan Dental Careington POS<\/h4>\n<p><strong>Ahorre entre un 20% y un 50% en la mayor\u00eda de los tratamientos dentales.<\/strong><br \/>\n\u2013 Incluye ex\u00e1menes de rutina, limpiezas ilimitadas, coronas, endodoncias y pr\u00f3tesis dentales.<br \/>\n\u2013 Los ahorros tambi\u00e9n se aplican a ortodoncia, odontolog\u00eda est\u00e9tica y especialistas dentales.<br \/>\n\u2013 Los miembros pueden visitar a cualquier dentista participante y cambiar de proveedor en cualquier momento.<br \/>\n\u2013 Todos los proveedores cumplen con estrictos est\u00e1ndares de acreditaci\u00f3n.<\/p>\n<\/div>\n<div style=\"margin-bottom: 25px;\">\n<h4 style=\"font-family: 'Poppins', sans-serif; color: #2c3e50; background: #f4f4f4; padding: 12px; border-radius: 4px; font-weight: 600;\">Pase de ahorros de VSP Vision<\/h4>\n<p>&#8211; The Individual Savings Pass is a vision discount program that offers savings on vision care and eyewear<br \/>\n&#8211; Members receive exclusive savings and special offers, plus access to discounts with VSP private doctors, on:<br \/>\n* Eye exams<br \/>\n* Contact lens exams<br \/>\n* Glasses and sunglasses<\/p>\n<p style=\"font-weight: 600; color: #d9534f; padding-left: 5px; margin-bottom: 2px;\">Este plan no es un seguro m\u00e9dico.<\/p>\n<p style=\"font-style: italic; padding-left: 5px;\">No disponible en Vermont ni en Washington.<\/p>\n<\/div>\n<div style=\"margin-bottom: 25px;\">\n<h4 style=\"font-family: 'Poppins', sans-serif; color: #2c3e50; background: #f4f4f4; padding: 12px; border-radius: 4px; font-weight: 600;\">Teledentistry<\/h4>\n<p>Consultas dentales virtuales las 24 horas del d\u00eda, los 7 d\u00edas de la semana, los 365 d\u00edas del a\u00f1o, por tel\u00e9fono o video.<br \/>\nDentistas titulados disponibles para:<\/p>\n<p>&#8211; Urgent dental concerns<br \/>\n\u2013 Recomendiaci\u00f3n<br \/>\n\u2013 Segundas opiniones<\/p>\n<p><em>Descargo de responsabilidad:<\/em> When medically appropriate, a DialCare doctor may prescribe a short-term, non-<br \/>\nDEA controlled medication for the member to pick up at the pharmacy of their choice.<br \/>\n<strong>State availability may vary. Please visit dialcare.com\/states for up-to-date information.<\/strong><\/p>\n<\/div>\n<div style=\"margin-bottom: 25px;\">\n<h4 style=\"font-family: 'Poppins', sans-serif; color: #2c3e50; background: #f4f4f4; padding: 12px; border-radius: 4px; font-weight: 600;\">DialCare: Atenci\u00f3n de Urgencias<\/h4>\n<p>&#8211; Modern and easy-to-use telemedicine solution for non-emergency illnesses and general care<br \/>\n&#8211; Direct access to state-licensed and credentialed doctors through phone or video consultations<br \/>\n&#8211; Doctors available 24 hours a day, 365 days a year<\/p>\n<p><em>Descargo de responsabilidad:<\/em> When medically appropriate, a DialCare physician may prescribe a short-term, non-<br \/>\nDEA controlled medication for the member to pick up at the pharmacy of their choice.<br \/>\n<strong>State availability may vary. Please visit dialcare.com\/states for up-to-date information.<\/strong><br \/>\n<strong>Consultations are available in English and Spanish.<\/strong><br \/>\n<strong>Urgent Care is a part of the DialCare Physician Access Program.<\/strong><\/p>\n<\/div>\n<div style=\"margin-bottom: 25px;\">\n<h4 style=\"font-family: 'Poppins', sans-serif; color: #2c3e50; background: #f4f4f4; padding: 12px; border-radius: 4px; font-weight: 600;\">ChooseHealthy Plus Fitness<\/h4>\n<p>Members* save 25% on services from more than 70,000 participating specialty health care providers nationwide with<br \/>\nthe ChooseHealthy \u00ae program and can choose from over 16,000+ participating fitness centers with the Active&amp;amp;Fit<br \/>\nDirect\u2122 program.<\/p>\n<p>The ChooseHealthy program is not insurance. It does not meet minimum creditable coverage requirements under the<br \/>\nAffordable Care Act or other state law. You get discounts from participating specialty health care providers when your<br \/>\nsponsoring organization\u2019s plan includes this feature. You must pay for all services from participating providers.<br \/>\nDiscounts will vary by type of provider and services received. The ChooseHealthy program does not make any payments<br \/>\nto participating providers. Check any insurance benefits you have before using this discount program. Those benefits<br \/>\nmay result in lower costs to you. The ChooseHealthy program has no liability for the quality of services rendered, and it<br \/>\ndoes not guarantee services or products. Discounts on products and services available through the ChooseHealthy<br \/>\nprogram are subject to change. Before you enroll in ChooseHealthy, you can check currently available products and<br \/>\nparticipating providers through the ChooseHealthy link on your sponsoring organizations\u2019 website. Once enrolled with<br \/>\nChooseHealthy, you may login directly at ChooseHealthy.com to see the same information. Not all provider types may<br \/>\nbe available in all states. You may unenroll or cancel at any time. Refunds do not apply because your sponsoring<br \/>\norganization provides the ChooseHealthy program to you at no cost.<\/p>\n<p>The ChooseHealthy program is provided by American Specialty Health Group, Inc. and ASH Technologies, Inc. (dba ASH<br \/>\nTechnologies of Delaware, Inc. in the state of Pennsylvania) and the Active&amp;amp;Fit Direct program is provided by American<br \/>\nSpecialty Health Fitness, Inc.; all are subsidiaries of American Specialty Health Incorporated (ASH), a national provider<br \/>\nof fitness, health education, musculoskeletal provider networks, and health management programs. ChooseHealthy<br \/>\nand Active&amp;amp;Fit Direct are trademarks of ASH and used with permission herein.<br \/>\n*Must be 18 years or older to access.<\/p>\n<\/div>\n<div style=\"margin-bottom: 25px;\">\n<h4 style=\"font-family: 'Poppins', sans-serif; color: #2c3e50; background: #f4f4f4; padding: 12px; border-radius: 4px; font-weight: 600;\">GetMoreRx Acute Medications<\/h4>\n<p>GetMoreRx Acute provides convenient access to acute medications at no cost to members.<br \/>\nPatientes are limited in drugs, qualitities ans supply in accordance with applicable use.<br \/>\nIndividual Patients have a $250\/year maximun benefit.<\/p>\n<\/div>\n<hr style=\"border: 0; border-top: 2px solid #eee; margin: 30px 0;\" \/>\n<h3 style=\"font-family: 'Poppins', sans-serif; color: #004a99; font-weight: bold;\">MEJORAS<\/h3>\n<p style=\"font-size: 1.05em; background: #e8f4fd; padding: 20px; border-radius: 5px; border-left: 5px solid #004a99;\">Miembro y familia por solo <strong>$19.99 Lite; $29.99 Premium; $39.99 Ultimate<\/strong> por miembro (debe tener 18 a\u00f1os para poder optar a esta cuota)<\/p>\n<h4 style=\"font-family: 'Poppins', sans-serif; color: #2c3e50; font-weight: 600;\">informaci\u00f3n adicional<\/h4>\n<p>\u2013 Una tarifa de procesamiento \u00fanica y no reembolsable de $30.00.<br \/>\n- Pago mensual<br \/>\n\u2013 Cualquier cargo o impuesto relacionado con la tarjeta de cr\u00e9dito estar\u00e1 incluido en los gastos de procesamiento no reembolsables de $30.00.<\/p>\n<div style=\"font-size: 0.85em; color: #555; text-align: justify; background: #f9f9f9; padding: 20px; border: 1px solid #eee; margin-top: 25px; border-radius: 4px;\"><strong>ESTE PLAN NO ES UN SEGURO M\u00c9DICO<\/strong> y no pretende reemplazar el seguro m\u00e9dico. Este plan no cumple con los requisitos m\u00ednimos de cobertura acreditable seg\u00fan M.G.L. c.111M y 956 CMR 5.00. Este plan no es un Plan de Salud Calificado seg\u00fan la Ley de Cuidado de Salud Asequible. Este no es un plan de medicamentos recetados de Medicare. El rango de descuentos variar\u00e1 seg\u00fan el tipo de proveedor y servicio. El plan no paga directamente a los proveedores. Los miembros del plan deben pagar por todos los servicios, pero recibir\u00e1n un descuento de los proveedores participantes. La lista de proveedores participantes se encuentra en <strong>telefoneticahealthRX.telemedsimplified.com<\/strong>. A written list of participating providers is available upon request. You may cancel within the first 30 days after effective date or receipt of membership materials (whichever is later) and receive a full refund, less a nominal processing fee (nominal fee for MD residents is $5, AR residents will be refunded the processing fee). Discount Plan Organization and administrator: Careington International Corporation, 7400 Gaylord Parkway, Frisco, TX 75034; phone 800-441-0380. This plan is not available in Connecticut, Kansas, Massachusetts,\u00a0 Vermont or <span style=\"font-size: 13.6px;\">Washington<\/span><\/div>\n<\/div>","protected":false},"excerpt":{"rendered":"<div style=\"font-family: 'Poppins', sans-serif; line-height: 1.6; color: #333; max-width: 95%; margin: auto; border: 1px solid #ddd; padding: 25px; border-radius: 8px; background-color: #ffffff;\">\u2013 Cuidado dental<br \/>\n&#8211; Vision<br \/>\n&#8211; Prescription<br \/>\n&#8211; Telemedicine<br \/>\n&#8211; Chiropractic and Alternative Medicine<br \/>\n\u2013 Teleodontolog\u00eda<\/div>","protected":false},"featured_media":5697,"comment_status":"closed","ping_status":"closed","template":"","meta":[],"product_brand":[],"product_cat":[37],"product_tag":[],"class_list":{"0":"post-4879","1":"product","2":"type-product","3":"status-publish","4":"has-post-thumbnail","6":"product_cat-dmpo","8":"first","9":"instock","10":"taxable","11":"shipping-taxable","12":"purchasable","13":"product-type-subscription"},"_links":{"self":[{"href":"https:\/\/www.telefoneticahealthrx.com\/es\/wp-json\/wp\/v2\/product\/4879","targetHints":{"allow":["GET"]}}],"collection":[{"href":"https:\/\/www.telefoneticahealthrx.com\/es\/wp-json\/wp\/v2\/product"}],"about":[{"href":"https:\/\/www.telefoneticahealthrx.com\/es\/wp-json\/wp\/v2\/types\/product"}],"replies":[{"embeddable":true,"href":"https:\/\/www.telefoneticahealthrx.com\/es\/wp-json\/wp\/v2\/comments?post=4879"}],"wp:featuredmedia":[{"embeddable":true,"href":"https:\/\/www.telefoneticahealthrx.com\/es\/wp-json\/wp\/v2\/media\/5697"}],"wp:attachment":[{"href":"https:\/\/www.telefoneticahealthrx.com\/es\/wp-json\/wp\/v2\/media?parent=4879"}],"wp:term":[{"taxonomy":"product_brand","embeddable":true,"href":"https:\/\/www.telefoneticahealthrx.com\/es\/wp-json\/wp\/v2\/product_brand?post=4879"},{"taxonomy":"product_cat","embeddable":true,"href":"https:\/\/www.telefoneticahealthrx.com\/es\/wp-json\/wp\/v2\/product_cat?post=4879"},{"taxonomy":"product_tag","embeddable":true,"href":"https:\/\/www.telefoneticahealthrx.com\/es\/wp-json\/wp\/v2\/product_tag?post=4879"}],"curies":[{"name":"wp","href":"https:\/\/api.w.org\/{rel}","templated":true}]}}