{"id":4878,"date":"2025-12-23T16:00:28","date_gmt":"2025-12-23T16:00:28","guid":{"rendered":"https:\/\/www.telefoneticahealthrx.com\/?post_type=product&#038;p=4878"},"modified":"2026-03-23T21:56:38","modified_gmt":"2026-03-23T21:56:38","slug":"telepremium","status":"publish","type":"product","link":"https:\/\/www.telefoneticahealthrx.com\/es\/producto\/telepremium\/","title":{"rendered":"TELEPREMIUM"},"content":{"rendered":"<div style=\"font-family: 'Poppins', sans-serif; line-height: 1.6; color: #333; max-width: 95%; margin: auto; border: 1px solid #ddd; padding: 25px; border-radius: 8px; background-color: #ffffff;\">\n<h3 style=\"font-family: 'Poppins', sans-serif; color: #004a99; border-bottom: 2px solid #004a99; padding-bottom: 10px; font-weight: bold;\">El plan Telefonetica Premium incluye:<\/h3>\n<div style=\"margin-bottom: 25px;\">\n<h4 style=\"font-family: 'Poppins', sans-serif; color: #2c3e50; background: #f4f4f4; padding: 12px; border-radius: 4px; font-weight: 600;\">Plan Dental Careington POS<\/h4>\n<p>&#8211; <strong>Ahorre entre un 20% y un 50% en la mayor\u00eda de los tratamientos dentales.<\/strong><br \/>\n\u2013 Incluye ex\u00e1menes de rutina, limpiezas ilimitadas, coronas, endodoncias y pr\u00f3tesis dentales.<br \/>\n\u2013 Los ahorros tambi\u00e9n se aplican a ortodoncia, odontolog\u00eda est\u00e9tica y especialistas dentales.<br \/>\n\u2013 Los miembros pueden visitar a cualquier dentista participante y cambiar de proveedor en cualquier momento.<br \/>\n\u2013 Todos los proveedores cumplen con estrictos est\u00e1ndares de acreditaci\u00f3n.<\/p>\n<\/div>\n<div style=\"margin-bottom: 25px;\">\n<h4 style=\"font-family: 'Poppins', sans-serif; color: #2c3e50; background: #f4f4f4; padding: 12px; border-radius: 4px; font-weight: 600;\">Pase de ahorros de VSP Vision<\/h4>\n<p>El Pase de Ahorro Individual es un programa de descuentos en servicios de visi\u00f3n que ofrece ahorros en atenci\u00f3n oftalmol\u00f3gica y gafas.<br \/>\nMembers receive exclusive savings and special offers, plus access to discounts with VSP private doctors, on:<\/p>\n<p>\u2013 Ex\u00e1menes de la vista<br \/>\n&#8211; Contact lens exams<br \/>\n&#8211; Glasses and sunglasses<\/p>\n<p style=\"font-weight: 600; color: #d9534f; padding-left: 5px; margin-bottom: 2px;\">Este plan no es un seguro m\u00e9dico.<\/p>\n<p style=\"font-style: italic; padding-left: 5px;\">No disponible en Vermont ni en Washington.<\/p>\n<\/div>\n<div style=\"margin-bottom: 25px;\">\n<h4 style=\"font-family: 'Poppins', sans-serif; color: #2c3e50; background: #f4f4f4; padding: 12px; border-radius: 4px; font-weight: 600;\">Correcci\u00f3n de la visi\u00f3n LASIK QualSight<\/h4>\n<p>&#8211; <strong>Save between 20% and 35% off the overall national average cost of LASIK surgery through QualSight*<\/strong><br \/>\n&#8211; Access to more than 800 LASIK locations nationwide<br \/>\n&#8211; Includes custom bladeless (all-laser) LASIK procedures<\/p>\n<p style=\"font-size: 0.9em; font-style: italic; padding-left: 5px;\">*The QualSight program is not an insured program.<\/p>\n<\/div>\n<div style=\"margin-bottom: 25px;\">\n<h4 style=\"font-family: 'Poppins', sans-serif; color: #2c3e50; background: #f4f4f4; padding: 12px; border-radius: 4px; font-weight: 600;\">DialCare: Teledental y Consultas Virtuales<\/h4>\n<p>&#8211; <strong>Consultas dentales virtuales las 24 horas del d\u00eda, los 7 d\u00edas de la semana, los 365 d\u00edas del a\u00f1o, por tel\u00e9fono o video.<\/strong><br \/>\n&#8211; <strong>Dentistas titulados disponibles para:<\/strong><br \/>\n&#8211; Urgent dental concerns<br \/>\n\u2013 Recomendiaci\u00f3n<br \/>\n\u2013 Segundas opiniones<\/p>\n<p><strong>Descargo de responsabilidad:<\/strong> When medically appropriate, a DialCare doctor may prescribe a short-term,<br \/>\nnon-DEA controlled medication for the member to pick up at the pharmacy of their choice.<br \/>\n<em>State availability may vary. Please visit dialcare.com\/states for up-to-date information.<\/em><\/p>\n<p style=\"font-weight: 600; color: #d9534f; padding-left: 5px;\">Este plan no es un seguro m\u00e9dico.<\/p>\n<\/div>\n<hr style=\"border: 0; border-top: 2px solid #eee; margin: 30px 0;\" \/>\n<h3 style=\"font-family: 'Poppins', sans-serif; color: #004a99; font-weight: bold;\">MEJORAS<\/h3>\n<p style=\"font-size: 1.05em; background: #e8f4fd; padding: 20px; border-radius: 5px; border-left: 5px solid #004a99;\">Miembro y familia por solo <strong>$19.99 Lite; $29.99 Premium; $39.99 Ultimate<\/strong> por miembro (debe tener 18 a\u00f1os para poder optar a esta cuota)<\/p>\n<h4 style=\"font-family: 'Poppins', sans-serif; color: #2c3e50; font-weight: 600;\">informaci\u00f3n adicional<\/h4>\n<p>\u2013 Una tarifa de procesamiento \u00fanica y no reembolsable de $30.00.<br \/>\n- Pago mensual<br \/>\n\u2013 Cualquier cargo o impuesto relacionado con la tarjeta de cr\u00e9dito estar\u00e1 incluido en los gastos de procesamiento no reembolsables de $30.00.<\/p>\n<div style=\"font-size: 0.85em; color: #555; text-align: justify; background: #f9f9f9; padding: 20px; border: 1px solid #eee; margin-top: 25px; border-radius: 4px;\"><strong>ESTE PLAN NO ES UN SEGURO M\u00c9DICO<\/strong> y no tiene como fin sustituir un seguro m\u00e9dico. Este plan no cumple con los requisitos de cobertura m\u00ednima acreditable seg\u00fan las normas M.G.L. c.111M y 956 CMR 5.00. Este plan no es un Plan de Salud Calificado bajo la Ley de Cuidado de Salud a Bajo Precio (Affordable Care Act). El rango de descuentos variar\u00e1 seg\u00fan el tipo de proveedor y el servicio. El plan no paga directamente a los proveedores. Los miembros del plan deben pagar por todos los servicios, pero recibir\u00e1n un descuento de los proveedores participantes. La lista de proveedores participantes se encuentra en: <strong>telefoneticahealthRX.telemedsimplified.com<\/strong>La lista escrita de proveedores participantes est\u00e1 disponible a solicitud. Puede cancelar dentro de los primeros 30 d\u00edas posteriores a la fecha de entrada en vigor o a la recepci\u00f3n de los materiales de membres\u00eda (lo que ocurra m\u00e1s tarde) y recibir un reembolso completo, menos una tarifa de procesamiento nominal (la tarifa nominal para residentes de Maryland es de $5; a los residentes de Arkansas se les reembolsar\u00e1 la tarifa de procesamiento). Organizaci\u00f3n y administrador del plan de descuento: Careington International Corporation, 7400 Gaylord Parkway, Frisco, TX 75034; tel\u00e9fono: 800-441-0380. Este plan no est\u00e1 disponible en Connecticut, Kansas, Massachusetts, Vermont ni Washington.<\/div>\n<\/div>","protected":false},"excerpt":{"rendered":"<div style=\"font-family: 'Poppins', sans-serif; line-height: 1.6; color: #333; max-width: 95%; margin: auto; border: 1px solid #ddd; padding: 25px; border-radius: 8px; background-color: #ffffff;\">\u2013 Cuidado dental<br \/>\n&#8211; Vision<br \/>\n\u2013 Correcci\u00f3n de la visi\u00f3n LASIK<br \/>\n\u2013 Teleodontolog\u00eda<\/div>","protected":false},"featured_media":5698,"comment_status":"closed","ping_status":"closed","template":"","meta":[],"product_brand":[],"product_cat":[37],"product_tag":[],"class_list":{"0":"post-4878","1":"product","2":"type-product","3":"status-publish","4":"has-post-thumbnail","6":"product_cat-dmpo","8":"first","9":"instock","10":"taxable","11":"shipping-taxable","12":"purchasable","13":"product-type-subscription"},"_links":{"self":[{"href":"https:\/\/www.telefoneticahealthrx.com\/es\/wp-json\/wp\/v2\/product\/4878","targetHints":{"allow":["GET"]}}],"collection":[{"href":"https:\/\/www.telefoneticahealthrx.com\/es\/wp-json\/wp\/v2\/product"}],"about":[{"href":"https:\/\/www.telefoneticahealthrx.com\/es\/wp-json\/wp\/v2\/types\/product"}],"replies":[{"embeddable":true,"href":"https:\/\/www.telefoneticahealthrx.com\/es\/wp-json\/wp\/v2\/comments?post=4878"}],"wp:featuredmedia":[{"embeddable":true,"href":"https:\/\/www.telefoneticahealthrx.com\/es\/wp-json\/wp\/v2\/media\/5698"}],"wp:attachment":[{"href":"https:\/\/www.telefoneticahealthrx.com\/es\/wp-json\/wp\/v2\/media?parent=4878"}],"wp:term":[{"taxonomy":"product_brand","embeddable":true,"href":"https:\/\/www.telefoneticahealthrx.com\/es\/wp-json\/wp\/v2\/product_brand?post=4878"},{"taxonomy":"product_cat","embeddable":true,"href":"https:\/\/www.telefoneticahealthrx.com\/es\/wp-json\/wp\/v2\/product_cat?post=4878"},{"taxonomy":"product_tag","embeddable":true,"href":"https:\/\/www.telefoneticahealthrx.com\/es\/wp-json\/wp\/v2\/product_tag?post=4878"}],"curies":[{"name":"wp","href":"https:\/\/api.w.org\/{rel}","templated":true}]}}