{"id":3736,"date":"2023-07-31T13:19:48","date_gmt":"2023-07-31T13:19:48","guid":{"rendered":"https:\/\/tplabs.co\/surince\/?page_id=3736"},"modified":"2026-03-05T22:02:04","modified_gmt":"2026-03-05T22:02:04","slug":"about-us","status":"publish","type":"page","link":"https:\/\/www.telefoneticahealthrx.com\/es\/about-us\/","title":{"rendered":"About us"},"content":{"rendered":"<div data-elementor-type=\"wp-page\" data-elementor-id=\"3736\" class=\"elementor elementor-3736\" data-elementor-post-type=\"page\">\n\t\t\t\t\t\t<section class=\"elementor-section elementor-top-section elementor-element elementor-element-f7e3bf0 elementor-section-full_width elementor-section-height-default elementor-section-height-default wpr-particle-no wpr-jarallax-no wpr-parallax-no wpr-sticky-section-no wpr-equal-height-no\" data-id=\"f7e3bf0\" data-element_type=\"section\" data-e-type=\"section\">\n\t\t\t\t\t\t<div class=\"elementor-container elementor-column-gap-no\">\n\t\t\t\t\t<div class=\"elementor-column elementor-col-100 elementor-top-column elementor-element elementor-element-b4f1280\" data-id=\"b4f1280\" data-element_type=\"column\" data-e-type=\"column\">\n\t\t\t<div class=\"elementor-widget-wrap elementor-element-populated\">\n\t\t\t\t\t\t<div class=\"elementor-element elementor-element-beb0089 elementor-widget__width-initial elementor-absolute rotate image-width-full elementor-widget elementor-widget-mae-gallery-stack\" data-id=\"beb0089\" data-element_type=\"widget\" data-e-type=\"widget\" data-settings=\"{&quot;_position&quot;:&quot;absolute&quot;}\" data-widget_type=\"mae-gallery-stack.default\">\n\t\t\t\t<div class=\"elementor-widget-container\">\n\t\t\t\t\t\t\t<div class=\"master-gallery-stack\">\n\t\t\t<div class=\"master-fancy-image elementor-repeater-item-09ac577\" data-top=\"0px\" data-calcheight=\"no\">\n\t\t\t\t\t\t\t\t\t\t<div class=\"image-wrap\"><img fetchpriority=\"high\" decoding=\"async\" width=\"740\" height=\"754\" src=\"https:\/\/www.telefoneticahealthrx.com\/wp-content\/uploads\/2023\/07\/circle-dots.webp\" class=\"attachment-full size-full\" alt=\"\" srcset=\"https:\/\/www.telefoneticahealthrx.com\/wp-content\/uploads\/2023\/07\/circle-dots.webp 740w, https:\/\/www.telefoneticahealthrx.com\/wp-content\/uploads\/2023\/07\/circle-dots-600x611.webp 600w, https:\/\/www.telefoneticahealthrx.com\/wp-content\/uploads\/2023\/07\/circle-dots-294x300.webp 294w, https:\/\/www.telefoneticahealthrx.com\/wp-content\/uploads\/2023\/07\/circle-dots-70x70.webp 70w\" sizes=\"(max-width: 740px) 100vw, 740px\" \/><\/div>\n\t\t\t\t\t\t\t\t\t<\/div>\t\t<\/div>\n\t    \t\t\t\t<\/div>\n\t\t\t\t<\/div>\n\t\t\t\t<div class=\"elementor-element elementor-element-8f4c150 elementor-widget elementor-widget-spacer\" data-id=\"8f4c150\" data-element_type=\"widget\" data-e-type=\"widget\" data-widget_type=\"spacer.default\">\n\t\t\t\t\t\t\t<div class=\"elementor-spacer\">\n\t\t\t<div class=\"elementor-spacer-inner\"><\/div>\n\t\t<\/div>\n\t\t\t\t\t\t<\/div>\n\t\t\t\t<section class=\"elementor-section elementor-inner-section elementor-element elementor-element-da277e3 elementor-section-boxed elementor-section-height-default elementor-section-height-default wpr-particle-no wpr-jarallax-no wpr-parallax-no wpr-sticky-section-no wpr-equal-height-no\" data-id=\"da277e3\" data-element_type=\"section\" data-e-type=\"section\">\n\t\t\t\t\t\t<div class=\"elementor-container elementor-column-gap-default\">\n\t\t\t\t\t<div class=\"elementor-column elementor-col-50 elementor-inner-column elementor-element elementor-element-6ac4b27\" data-id=\"6ac4b27\" data-element_type=\"column\" data-e-type=\"column\">\n\t\t\t<div class=\"elementor-widget-wrap elementor-element-populated\">\n\t\t\t\t\t\t<div class=\"elementor-element elementor-element-97f7bdf image-width-full elementor-widget elementor-widget-mae-gallery-stack\" data-id=\"97f7bdf\" data-element_type=\"widget\" data-e-type=\"widget\" data-widget_type=\"mae-gallery-stack.default\">\n\t\t\t\t<div class=\"elementor-widget-container\">\n\t\t\t\t\t\t\t<div class=\"master-gallery-stack\">\n\t\t\t<div class=\"master-fancy-image elementor-repeater-item-3cd1d9f\" data-top=\"0px\" data-parallax='{\"x\" : 30, \"y\" : 0, \"smoothness\" : 30, \"rotateX\" : 0, \"rotateY\" : 0, \"rotateZ\" : 0}' data-calcheight=\"no\">\n\t\t\t\t\t\t\t\t\t<div class=\"image-wrap\"><img decoding=\"async\" width=\"373\" height=\"412\" src=\"https:\/\/www.telefoneticahealthrx.com\/wp-content\/uploads\/2023\/07\/about-img1.jpg\" class=\"attachment-full size-full\" alt=\"\" srcset=\"https:\/\/www.telefoneticahealthrx.com\/wp-content\/uploads\/2023\/07\/about-img1.jpg 373w, https:\/\/www.telefoneticahealthrx.com\/wp-content\/uploads\/2023\/07\/about-img1-272x300.jpg 272w\" sizes=\"(max-width: 373px) 100vw, 373px\" \/><\/div>\n\t\t\t\t\t\t\t\t<\/div><div class=\"master-fancy-image elementor-repeater-item-ba0116b\" data-top=\"0px\" data-calcheight=\"no\">\n\t\t\t\t\t\t\t\t\t\t<div class=\"image-wrap\"><img decoding=\"async\" width=\"203\" height=\"194\" src=\"https:\/\/www.telefoneticahealthrx.com\/wp-content\/uploads\/2023\/07\/about-img2.jpg\" class=\"attachment-full size-full\" alt=\"\" \/><\/div>\n\t\t\t\t\t\t\t\t\t<\/div><div class=\"master-fancy-image elementor-repeater-item-f9a11e9\" data-top=\"220px\" data-calcheight=\"yes\">\n\t\t\t\t\t\t\t\t\t\t<div class=\"image-wrap\"><img loading=\"lazy\" decoding=\"async\" width=\"433\" height=\"283\" src=\"https:\/\/www.telefoneticahealthrx.com\/wp-content\/uploads\/2023\/07\/about-img3.jpg\" class=\"attachment-full size-full\" alt=\"\" srcset=\"https:\/\/www.telefoneticahealthrx.com\/wp-content\/uploads\/2023\/07\/about-img3.jpg 433w, https:\/\/www.telefoneticahealthrx.com\/wp-content\/uploads\/2023\/07\/about-img3-300x196.jpg 300w\" sizes=\"(max-width: 433px) 100vw, 433px\" \/><\/div>\n\t\t\t\t\t\t\t\t\t<\/div><div class=\"master-text master-animation elementor-repeater-item-28e17e1\" data-animation=\"fadeIn\"><div class=\"inner default\"><svg \n xmlns=\"http:\/\/www.w3.org\/2000\/svg\"\n xmlns:xlink=\"http:\/\/www.w3.org\/1999\/xlink\"\n width=\"385px\" height=\"279px\">\n<defs>\n<lineargradient id=\"PSgrad_0\" x1=\"0%\" x2=\"0%\" y1=\"100%\" y2=\"0%\">\n  <stop offset=\"0%\" stop-color=\"rgb(254,253,253)\" stop-opacity=\"0\" \/>\n  <stop offset=\"100%\" stop-color=\"rgb(234,234,241)\" stop-opacity=\"1\" \/>\n<\/lineargradient>\n\n<\/defs>\n<path fill-rule=\"evenodd\"  stroke-width=\"4px\" stroke=\"rgb(40, 183, 154)\" fill=\"none\"\n d=\"M27.999,7.999 L357.999,7.999 C369.45,7.999 377.999,16.954 377.999,27.999 L377.999,251.999 C377.999,263.45 369.45,271.999 357.999,271.999 L27.999,271.999 C16.954,271.999 7.999,263.45 7.999,251.999 L7.999,27.999 C7.999,16.954 16.954,7.999 27.999,7.999 Z\"\/>\n<\/svg><\/div><\/div>\t\t<\/div>\n\t    \t\t\t\t<\/div>\n\t\t\t\t<\/div>\n\t\t\t\t\t<\/div>\n\t\t<\/div>\n\t\t\t\t<div class=\"elementor-column elementor-col-50 elementor-inner-column elementor-element elementor-element-b935c50\" data-id=\"b935c50\" data-element_type=\"column\" data-e-type=\"column\">\n\t\t\t<div class=\"elementor-widget-wrap elementor-element-populated\">\n\t\t\t\t\t\t<div class=\"elementor-element elementor-element-e887cab elementor-widget elementor-widget-image\" data-id=\"e887cab\" data-element_type=\"widget\" data-e-type=\"widget\" data-widget_type=\"image.default\">\n\t\t\t\t\t\t\t\t\t\t\t\t\t\t\t<img loading=\"lazy\" decoding=\"async\" width=\"85\" height=\"89\" src=\"https:\/\/www.telefoneticahealthrx.com\/wp-content\/uploads\/2025\/12\/iconotfh.png\" class=\"attachment-full size-full wp-image-4571\" alt=\"\" \/>\t\t\t\t\t\t\t\t\t\t\t\t\t\t\t<\/div>\n\t\t\t\t<div class=\"elementor-element elementor-element-e387cc0 heading-default elementor-widget elementor-widget-mae-headings\" data-id=\"e387cc0\" data-element_type=\"widget\" data-e-type=\"widget\" data-widget_type=\"mae-headings.default\">\n\t\t\t\t<div class=\"elementor-widget-container\">\n\t\t\t\t\t\t\t<div class=\"master-heading sep-none\">\n\t\t\t\t\t\t\t        \t        \t<div class=\"pre-heading\"><span class=\"line\"><span class=\"inner\"><\/span><\/span>Sobre nosotros <\/div>\n\t        \n\t        \n\t        \t        <h2 class=\"main-heading\">Telefonetica Health RX<\/h2>\n\t        \n\t        \n\t        \t            <div class=\"sub-heading\">Nuestra misi\u00f3n en Telephonetica Health RX es clara: orientar a individuos y familias en el ejercicio de sus derechos de salud. Independientemente de su situaci\u00f3n econ\u00f3mica o estatus legal, trabajamos para que el acceso a la atenci\u00f3n m\u00e9dica sea un derecho tangible y asequible para todos. Estamos aqu\u00ed para servir a las comunidades que m\u00e1s apoyo requieren.<br><br>\n\nMillones de personas en todo Estados Unidos luchan por navegar el sistema de salud, especialmente los inmigrantes que han perdido su estatus legal o est\u00e1n excluidos de las opciones de cobertura tradicional. Gracias a nuestro poder de compra nacional y alianzas estrat\u00e9gicas, ofrecemos descuentos m\u00e9dicos exclusivos en todo el pa\u00eds, abriendo puertas a una atenci\u00f3n que, de otro modo, estar\u00eda fuera de su alcance.<\/div>\n\t        \t    <\/div>\n\t    \t\t\t\t<\/div>\n\t\t\t\t<\/div>\n\t\t\t\t<div class=\"elementor-element elementor-element-c17d56e list-default icon-default elementor-widget elementor-widget-mae-list\" data-id=\"c17d56e\" data-element_type=\"widget\" data-e-type=\"widget\" data-widget_type=\"mae-list.default\">\n\t\t\t\t<div class=\"elementor-widget-container\">\n\t\t\t\t\t\n\t\t<div class=\"master-list\">\n\t\t\t\t\t\t\t<div class=\"master-icon-text list-item\">\n\t\t\t\t        \t\t\t        <div class=\"icon-wrap\">\n    \t\t\t\t        <i aria-hidden=\"true\" class=\"ci ci-check-circle1\"><\/i>    \t\t\t        <\/div> \n    \t\t\t    \n\t\t\t        <div class=\"content-wrap\">\n\t\t\t            Gu\u00eda paso a paso para que comprenda sus derechos m\u00e9dicos y reciba la atenci\u00f3n esencial que necesita.\t\t\t        <\/div>\n\t\t\t        \n\t\t\t        \t\t\t    <\/div>\n\t\t    \t\t\t\t<div class=\"master-icon-text list-item\">\n\t\t\t\t        \t\t\t        <div class=\"icon-wrap\">\n    \t\t\t\t        <i aria-hidden=\"true\" class=\"ci ci-check-circle1\"><\/i>    \t\t\t        <\/div> \n    \t\t\t    \n\t\t\t        <div class=\"content-wrap\">\n\t\t\t            Acceda a descuentos m\u00e9dicos exclusivos en todo el territorio nacional gracias a nuestros convenios y tarifas preferenciales.\t\t\t        <\/div>\n\t\t\t        \n\t\t\t        \t\t\t    <\/div>\n\t\t    \t\t\t\t<div class=\"master-icon-text list-item\">\n\t\t\t\t        \t\t\t        <div class=\"icon-wrap\">\n    \t\t\t\t        <i aria-hidden=\"true\" class=\"ci ci-check-circle1\"><\/i>    \t\t\t        <\/div> \n    \t\t\t    \n\t\t\t        <div class=\"content-wrap\">\n\t\t\t            Salud para todos, sin barreras migratorias.\t\t\t        <\/div>\n\t\t\t        \n\t\t\t        \t\t\t    <\/div>\n\t\t    \t\t\t\t<div class=\"master-icon-text list-item\">\n\t\t\t\t        \t\t\t        <div class=\"icon-wrap\">\n    \t\t\t\t        <i aria-hidden=\"true\" class=\"ci ci-check-circle1\"><\/i>    \t\t\t        <\/div> \n    \t\t\t    \n\t\t\t        <div class=\"content-wrap\">\n\t\t\t            Un aliado de confianza comprometido con la dignidad, la inclusi\u00f3n y el bienestar de la comunidad.\t\t\t        <\/div>\n\t\t\t        \n\t\t\t        \t\t\t    <\/div>\n\t\t    \t\t<\/div>\n\t\t\t\t\t<\/div>\n\t\t\t\t<\/div>\n\t\t\t\t\t<\/div>\n\t\t<\/div>\n\t\t\t\t\t<\/div>\n\t\t<\/section>\n\t\t\t\t\t<\/div>\n\t\t<\/div>\n\t\t\t\t\t<\/div>\n\t\t<\/section>\n\t\t\t\t<section class=\"elementor-section elementor-top-section elementor-element elementor-element-f3bb508 elementor-section-stretched elementor-section-boxed elementor-section-height-default elementor-section-height-default wpr-particle-no wpr-jarallax-no wpr-parallax-no wpr-sticky-section-no wpr-equal-height-no\" data-id=\"f3bb508\" data-element_type=\"section\" data-e-type=\"section\" data-settings=\"{&quot;stretch_section&quot;:&quot;section-stretched&quot;,&quot;background_background&quot;:&quot;classic&quot;}\">\n\t\t\t\t\t\t<div class=\"elementor-container elementor-column-gap-no\">\n\t\t\t\t\t<div class=\"elementor-column elementor-col-100 elementor-top-column elementor-element elementor-element-e939ad9\" data-id=\"e939ad9\" data-element_type=\"column\" data-e-type=\"column\">\n\t\t\t<div class=\"elementor-widget-wrap elementor-element-populated\">\n\t\t\t\t\t\t<section class=\"elementor-section elementor-inner-section elementor-element elementor-element-3fc7cd6 elementor-section-boxed elementor-section-height-default elementor-section-height-default wpr-particle-no wpr-jarallax-no wpr-parallax-no wpr-sticky-section-no wpr-equal-height-no\" data-id=\"3fc7cd6\" data-element_type=\"section\" data-e-type=\"section\">\n\t\t\t\t\t\t<div class=\"elementor-container elementor-column-gap-default\">\n\t\t\t\t\t<div class=\"elementor-column elementor-col-100 elementor-inner-column elementor-element elementor-element-5bdcd77\" data-id=\"5bdcd77\" data-element_type=\"column\" data-e-type=\"column\">\n\t\t\t<div class=\"elementor-widget-wrap elementor-element-populated\">\n\t\t\t\t\t\t<div class=\"elementor-element elementor-element-e09b757 elementor-widget elementor-widget-text-editor\" data-id=\"e09b757\" data-element_type=\"widget\" data-e-type=\"widget\" data-widget_type=\"text-editor.default\">\n\t\t\t\t\t\t\t\t\t<p>Nuestra raz\u00f3n de ser en Telefonetica Health RX es asegurar que todos, sin importar su estatus legal, accedan a servicios de salud de calidad. Defendemos la protecci\u00f3n y el empoderamiento, brindando a las familias la oportunidad de gestionar su bienestar con total respeto y seguridad.<\/p>\t\t\t\t\t\t\t\t<\/div>\n\t\t\t\t\t<\/div>\n\t\t<\/div>\n\t\t\t\t\t<\/div>\n\t\t<\/section>\n\t\t\t\t<div class=\"elementor-element elementor-element-5d7f91e elementor-widget elementor-widget-spacer\" data-id=\"5d7f91e\" data-element_type=\"widget\" data-e-type=\"widget\" data-widget_type=\"spacer.default\">\n\t\t\t\t\t\t\t<div class=\"elementor-spacer\">\n\t\t\t<div class=\"elementor-spacer-inner\"><\/div>\n\t\t<\/div>\n\t\t\t\t\t\t<\/div>\n\t\t\t\t\t<\/div>\n\t\t<\/div>\n\t\t\t\t\t<\/div>\n\t\t<\/section>\n\t\t\t\t<section class=\"elementor-section elementor-top-section elementor-element elementor-element-8b5545b elementor-section-full_width elementor-section-height-default elementor-section-height-default wpr-particle-no wpr-jarallax-no wpr-parallax-no wpr-sticky-section-no wpr-equal-height-no\" data-id=\"8b5545b\" data-element_type=\"section\" data-e-type=\"section\" data-settings=\"{&quot;background_background&quot;:&quot;classic&quot;}\">\n\t\t\t\t\t\t<div class=\"elementor-container elementor-column-gap-no\">\n\t\t\t\t\t<div class=\"elementor-column elementor-col-100 elementor-top-column elementor-element elementor-element-39461b3\" data-id=\"39461b3\" data-element_type=\"column\" data-e-type=\"column\">\n\t\t\t<div class=\"elementor-widget-wrap elementor-element-populated\">\n\t\t\t\t\t\t<div class=\"elementor-element elementor-element-7efba99 elementor-widget__width-auto elementor-absolute shape1 elementor-widget elementor-widget-image\" data-id=\"7efba99\" data-element_type=\"widget\" data-e-type=\"widget\" data-settings=\"{&quot;_position&quot;:&quot;absolute&quot;}\" data-widget_type=\"image.default\">\n\t\t\t\t\t\t\t\t\t\t\t\t\t\t\t<img loading=\"lazy\" decoding=\"async\" width=\"463\" height=\"311\" src=\"https:\/\/www.telefoneticahealthrx.com\/wp-content\/uploads\/2023\/07\/shape1.png\" class=\"attachment-full size-full wp-image-675\" alt=\"\" srcset=\"https:\/\/www.telefoneticahealthrx.com\/wp-content\/uploads\/2023\/07\/shape1.png 463w, https:\/\/www.telefoneticahealthrx.com\/wp-content\/uploads\/2023\/07\/shape1-300x202.png 300w\" sizes=\"(max-width: 463px) 100vw, 463px\" \/>\t\t\t\t\t\t\t\t\t\t\t\t\t\t\t<\/div>\n\t\t\t\t<div class=\"elementor-element elementor-element-f342b36 elementor-widget elementor-widget-spacer\" data-id=\"f342b36\" data-element_type=\"widget\" data-e-type=\"widget\" data-widget_type=\"spacer.default\">\n\t\t\t\t\t\t\t<div class=\"elementor-spacer\">\n\t\t\t<div class=\"elementor-spacer-inner\"><\/div>\n\t\t<\/div>\n\t\t\t\t\t\t<\/div>\n\t\t\t\t<div class=\"elementor-element elementor-element-b3bd027 elementor-widget__width-initial elementor-absolute e-transform image-width-full elementor-widget elementor-widget-mae-gallery-stack\" data-id=\"b3bd027\" data-element_type=\"widget\" data-e-type=\"widget\" data-settings=\"{&quot;_position&quot;:&quot;absolute&quot;,&quot;_transform_rotateZ_effect&quot;:{&quot;unit&quot;:&quot;px&quot;,&quot;size&quot;:1,&quot;sizes&quot;:[]},&quot;_transform_rotateZ_effect_tablet&quot;:{&quot;unit&quot;:&quot;deg&quot;,&quot;size&quot;:&quot;&quot;,&quot;sizes&quot;:[]},&quot;_transform_rotateZ_effect_mobile&quot;:{&quot;unit&quot;:&quot;deg&quot;,&quot;size&quot;:&quot;&quot;,&quot;sizes&quot;:[]}}\" data-widget_type=\"mae-gallery-stack.default\">\n\t\t\t\t<div class=\"elementor-widget-container\">\n\t\t\t\t\t\t\t<div class=\"master-gallery-stack\">\n\t\t\t<div class=\"master-text elementor-repeater-item-6ff9e82\"><div class=\"inner default\"><svg version=\"1.1\" xmlns=\"http:\/\/www.w3.org\/2000\/svg\" xmlns:xlink=\"http:\/\/www.w3.org\/1999\/xlink\" x=\"0px\" y=\"0px\"\n\t viewbox=\"0 0 766.8 651.8\" style=\"enable-background:new 0 0 766.8 651.8;\" xml:space=\"preserve\">\n<style type=\"text\/css\">\n\t.w01{fill:url(#SVGID_1_);}\n\t.st1{fill:url(#SVGID_00000009590812004984718870000007236937423150459326_);}\n\t.st2{fill:url(#SVGID_00000119109987840286534850000017858339421660120238_);}\n<\/style>\n<lineargradient id=\"SVGID_1_\" gradientunits=\"userSpaceOnUse\" x1=\"-190.9398\" y1=\"417.3783\" x2=\"321.2944\" y2=\"417.3783\" gradienttransform=\"matrix(0.9008 -0.4342 -0.4342 -0.9008 515.7584 629.7894)\">\n\t<stop  offset=\"0\" style=\"stop-color:#2F3CA6\"\/>\n\t<stop  offset=\"1\" style=\"stop-color:#263297\"\/>\n<\/lineargradient>\n<path class=\"w01\" d=\"M184,0c0,0,83.7,190.6,236.2,227.9c161.2,39.4,200.7,27.2,333.5,155.6L292.3,605.9L32.8,67.5L184,0z\"\/>\n<lineargradient id=\"SVGID_00000037670129498742876420000004667458611124016831_\" gradientunits=\"userSpaceOnUse\" x1=\"-25.2386\" y1=\"-604.5226\" x2=\"734.9587\" y2=\"-604.5226\" gradienttransform=\"matrix(1 -3.132108e-03 -3.132108e-03 -1 29.829 -268.7822)\">\n\t<stop  offset=\"0\" style=\"stop-color:#28B79A\"\/>\n\t<stop  offset=\"1\" style=\"stop-color:#263297\"\/>\n<\/lineargradient>\n<path class=\"w11\" style=\"fill:url(#SVGID_00000037670129498742876420000004667458611124016831_);\" d=\"M76.8,51.7c0,0,150.8,142.8,303.3,180.1\tc161.2,39.4,253.9,17,386.7,145.3L265.2,618.9L5.7,80.6L76.8,51.7z\"\/>\n<lineargradient id=\"SVGID_00000173854379537506616660000004103788627550868892_\" gradientunits=\"userSpaceOnUse\" x1=\"-31.026\" y1=\"-651.7424\" x2=\"734.9587\" y2=\"-651.7424\" gradienttransform=\"matrix(1 -3.132108e-03 -3.132108e-03 -1 29.829 -268.7822)\">\n\t<stop  offset=\"0\" style=\"stop-color:#2F3CA6\"\/>\n\t<stop  offset=\"1\" style=\"stop-color:#263297\"\/>\n<\/lineargradient>\n<path class=\"w21\" style=\"fill:url(#SVGID_00000173854379537506616660000004103788627550868892_);\" d=\"M0,113.5c0,0,176,117.6,374.4,151.2\tc163.6,27.7,259.6-15.9,392.4,112.4L259.5,651.8L0,113.5L0,113.5z\"\/>\n<\/svg>\n<\/div><\/div>\t\t<\/div>\n\t    \t\t\t\t<\/div>\n\t\t\t\t<\/div>\n\t\t\t\t<div class=\"elementor-element elementor-element-29b55ba elementor-widget elementor-widget-spacer\" data-id=\"29b55ba\" data-element_type=\"widget\" data-e-type=\"widget\" data-widget_type=\"spacer.default\">\n\t\t\t\t\t\t\t<div class=\"elementor-spacer\">\n\t\t\t<div class=\"elementor-spacer-inner\"><\/div>\n\t\t<\/div>\n\t\t\t\t\t\t<\/div>\n\t\t\t\t\t<\/div>\n\t\t<\/div>\n\t\t\t\t\t<\/div>\n\t\t<\/section>\n\t\t\t\t<\/div>","protected":false},"excerpt":{"rendered":"<p>about Telefonetica Health RX Telefonetica Health RX was created with a simple but powerful mission: to guide individuals and families in understanding and exercising their health rights, no matter their background, income, or legal status. We believe that access to healthcare is a fundamental human right, and our purpose is<\/p>","protected":false},"author":1,"featured_media":0,"parent":0,"menu_order":0,"comment_status":"closed","ping_status":"closed","template":"","meta":{"footnotes":""},"class_list":["post-3736","page","type-page","status-publish","hentry"],"_links":{"self":[{"href":"https:\/\/www.telefoneticahealthrx.com\/es\/wp-json\/wp\/v2\/pages\/3736","targetHints":{"allow":["GET"]}}],"collection":[{"href":"https:\/\/www.telefoneticahealthrx.com\/es\/wp-json\/wp\/v2\/pages"}],"about":[{"href":"https:\/\/www.telefoneticahealthrx.com\/es\/wp-json\/wp\/v2\/types\/page"}],"author":[{"embeddable":true,"href":"https:\/\/www.telefoneticahealthrx.com\/es\/wp-json\/wp\/v2\/users\/1"}],"replies":[{"embeddable":true,"href":"https:\/\/www.telefoneticahealthrx.com\/es\/wp-json\/wp\/v2\/comments?post=3736"}],"version-history":[{"count":0,"href":"https:\/\/www.telefoneticahealthrx.com\/es\/wp-json\/wp\/v2\/pages\/3736\/revisions"}],"wp:attachment":[{"href":"https:\/\/www.telefoneticahealthrx.com\/es\/wp-json\/wp\/v2\/media?parent=3736"}],"curies":[{"name":"wp","href":"https:\/\/api.w.org\/{rel}","templated":true}]}}